{"id":2627,"date":"2015-08-12T00:33:15","date_gmt":"2015-08-11T22:33:15","guid":{"rendered":"http:\/\/www.fordonslyftar.se\/?page_id=2627"},"modified":"2025-10-22T14:35:04","modified_gmt":"2025-10-22T12:35:04","slug":"utbildning","status":"publish","type":"page","link":"https:\/\/www.fordonslyftar.se\/en\/tjanster\/utbildning\/","title":{"rendered":"(Svenska) Utbildning"},"content":{"rendered":"<p>Vi p\u00e5 BA fordonslyftar har sedan m\u00e5nga \u00e5r tillbaka gett v\u00e5ra kunder instruktioner om hur de ska anv\u00e4nda och g\u00f6ra underh\u00e5ll p\u00e5 sina nya lyftar redan vid leveransen av lyftarna. Nu har vi sedan n\u00e5gra \u00e5r tagit ett steg till och erbjuder handhavande och s\u00e4kerhetsutbildningar som en tj\u00e4nst till v\u00e5ra kunder. Om ni inte har utbildat er personal \u00e4nnu s\u00e5 l\u00e5t oss g\u00f6ra det. Vi kan fordonslyftar f\u00f6r tunga fordon!<\/p>\n<p><strong>NYHET! Nu kan vi erbjuda e-learning. L\u00e4nk till v\u00e5ra olika webbutbildningar finns l\u00e4ngre ner p\u00e5 sidan.&nbsp;<\/strong><\/p>\n<p>Alla deltagare i utbildningen f\u00e5r ett utbildningsbevis av oss som bevis f\u00f6r att de har dokumenterad kunskap, vilket kr\u00e4vs f\u00f6r att f\u00e5 ett k\u00f6rtillst\u00e5nd f\u00f6r fordonslyftarna p\u00e5 sin arbetsplats utskrivet av sin arbetsgivare. Utf\u00e4rdat utbildningsbevis g\u00e4ller f\u00f6r alltid, men vi rekommenderar att repetera kursen efter 4\u20135 \u00e5r f\u00f6r att h\u00e5lla medvetenheten och f\u00f6rsiktigheten uppdaterad.<\/p>\n\n\n<div data-eduadmin-courses=\"c1bc27c9e3d39f14\"><\/div>\n<script type=\"text\/javascript\" id=\"eduadmin-customer-script\" src=\"https:\/\/app.eduadmin.se\/webportal\/dist\/webportal.min.js\" data-eduadmin-script=\"c1bc27c9e3d39f14\"><\/script>\n","protected":false},"excerpt":{"rendered":"<p>Vi p\u00e5 BA fordonslyftar har sedan m\u00e5nga \u00e5r tillbaka gett v\u00e5ra kunder instruktioner om hur de ska anv\u00e4nda och g\u00f6ra underh\u00e5ll p\u00e5 sina nya lyftar redan vid leveransen av lyftarna. Nu har vi sedan n\u00e5gra \u00e5r tagit ett steg till och erbjuder handhavande och s\u00e4kerhetsutbildningar som en tj\u00e4nst till v\u00e5ra kunder. Om ni inte har [&hellip;]<\/p>\n","protected":false},"author":1,"featured_media":0,"parent":16,"menu_order":0,"comment_status":"open","ping_status":"open","template":"","meta":[],"acf":[],"_links":{"self":[{"href":"https:\/\/www.fordonslyftar.se\/en\/wp-json\/wp\/v2\/pages\/2627"}],"collection":[{"href":"https:\/\/www.fordonslyftar.se\/en\/wp-json\/wp\/v2\/pages"}],"about":[{"href":"https:\/\/www.fordonslyftar.se\/en\/wp-json\/wp\/v2\/types\/page"}],"author":[{"embeddable":true,"href":"https:\/\/www.fordonslyftar.se\/en\/wp-json\/wp\/v2\/users\/1"}],"replies":[{"embeddable":true,"href":"https:\/\/www.fordonslyftar.se\/en\/wp-json\/wp\/v2\/comments?post=2627"}],"version-history":[{"count":13,"href":"https:\/\/www.fordonslyftar.se\/en\/wp-json\/wp\/v2\/pages\/2627\/revisions"}],"predecessor-version":[{"id":3890,"href":"https:\/\/www.fordonslyftar.se\/en\/wp-json\/wp\/v2\/pages\/2627\/revisions\/3890"}],"up":[{"embeddable":true,"href":"https:\/\/www.fordonslyftar.se\/en\/wp-json\/wp\/v2\/pages\/16"}],"wp:attachment":[{"href":"https:\/\/www.fordonslyftar.se\/en\/wp-json\/wp\/v2\/media?parent=2627"}],"curies":[{"name":"wp","href":"https:\/\/api.w.org\/{rel}","templated":true}]}}